{"id":7539,"date":"2023-05-15T14:34:15","date_gmt":"2023-05-15T14:34:15","guid":{"rendered":"http:\/\/www.mykidup.com\/?page_id=7539"},"modified":"2024-08-08T10:21:37","modified_gmt":"2024-08-08T10:21:37","slug":"institucional","status":"publish","type":"page","link":"http:\/\/www.mykidup.com\/index.php\/institucional\/","title":{"rendered":"Institucional"},"content":{"rendered":"\t\t<div data-elementor-type=\"wp-page\" data-elementor-id=\"7539\" class=\"elementor elementor-7539\">\n\t\t\t\t\t\t\t\t\t<section class=\"elementor-section elementor-top-section elementor-element elementor-element-2e00835 elementor-section-boxed elementor-section-height-default elementor-section-height-default\" data-id=\"2e00835\" data-element_type=\"section\">\n\t\t\t\t\t\t<div class=\"elementor-container elementor-column-gap-default\">\n\t\t\t\t\t<div class=\"elementor-column elementor-col-100 elementor-top-column elementor-element elementor-element-f657660 lakit-col-width-auto-no\" data-id=\"f657660\" data-element_type=\"column\">\n\t\t\t<div class=\"elementor-widget-wrap elementor-element-populated\">\n\t\t\t\t\t\t\t\t<div class=\"elementor-element elementor-element-f7bd802 elementor-widget elementor-widget-heading\" data-id=\"f7bd802\" data-element_type=\"widget\" data-widget_type=\"heading.default\">\n\t\t\t\t<div class=\"elementor-widget-container\">\n\t\t\t<style>\/*! elementor - v3.10.2 - 29-01-2023 *\/\n.elementor-heading-title{padding:0;margin:0;line-height:1}.elementor-widget-heading .elementor-heading-title[class*=elementor-size-]>a{color:inherit;font-size:inherit;line-height:inherit}.elementor-widget-heading .elementor-heading-title.elementor-size-small{font-size:15px}.elementor-widget-heading .elementor-heading-title.elementor-size-medium{font-size:19px}.elementor-widget-heading .elementor-heading-title.elementor-size-large{font-size:29px}.elementor-widget-heading .elementor-heading-title.elementor-size-xl{font-size:39px}.elementor-widget-heading .elementor-heading-title.elementor-size-xxl{font-size:59px}<\/style><h2 class=\"elementor-heading-title elementor-size-default\">INSTITUCIONAL<\/h2>\t\t<\/div>\n\t\t\t\t<\/div>\n\t\t\t\t\t<\/div>\n\t\t<\/div>\n\t\t\t\t\t\t\t<\/div>\n\t\t<\/section>\n\t\t\t\t<section class=\"elementor-section elementor-top-section elementor-element elementor-element-4b47bd3 elementor-section-boxed elementor-section-height-default elementor-section-height-default\" data-id=\"4b47bd3\" data-element_type=\"section\">\n\t\t\t\t\t\t<div class=\"elementor-container elementor-column-gap-default\">\n\t\t\t\t\t<div class=\"elementor-column elementor-col-100 elementor-top-column elementor-element elementor-element-f256079 lakit-col-width-auto-no\" data-id=\"f256079\" data-element_type=\"column\">\n\t\t\t<div class=\"elementor-widget-wrap elementor-element-populated\">\n\t\t\t\t\t\t\t\t<div class=\"elementor-element elementor-element-3411ae1 elementor-widget elementor-widget-heading\" data-id=\"3411ae1\" data-element_type=\"widget\" data-widget_type=\"heading.default\">\n\t\t\t\t<div class=\"elementor-widget-container\">\n\t\t\t<h2 class=\"elementor-heading-title elementor-size-default\">MY KID UP - CENTRO DE INTERVEN\u00c7\u00c3O COMPORTAMENTAL, CRL<\/h2>\t\t<\/div>\n\t\t\t\t<\/div>\n\t\t\t\t<div class=\"elementor-element elementor-element-59c681c elementor-widget elementor-widget-text-editor\" data-id=\"59c681c\" data-element_type=\"widget\" data-widget_type=\"text-editor.default\">\n\t\t\t\t<div class=\"elementor-widget-container\">\n\t\t\t<style>\/*! elementor - v3.10.2 - 29-01-2023 *\/\n.elementor-widget-text-editor.elementor-drop-cap-view-stacked .elementor-drop-cap{background-color:#818a91;color:#fff}.elementor-widget-text-editor.elementor-drop-cap-view-framed .elementor-drop-cap{color:#818a91;border:3px solid;background-color:transparent}.elementor-widget-text-editor:not(.elementor-drop-cap-view-default) .elementor-drop-cap{margin-top:8px}.elementor-widget-text-editor:not(.elementor-drop-cap-view-default) .elementor-drop-cap-letter{width:1em;height:1em}.elementor-widget-text-editor .elementor-drop-cap{float:left;text-align:center;line-height:1;font-size:50px}.elementor-widget-text-editor .elementor-drop-cap-letter{display:inline-block}<\/style>\t\t\t\t<p style=\"font-weight: 400;\">O My Kid Up &#8211; Centro de Interven\u00e7\u00e3o Comportamental, CRL, \u00e9 uma Cooperativa de Solidariedade Social equiparada a IPSS, fundada em 2011, que tem como miss\u00e3o apoiar crian\u00e7as e jovens portadores de perturba\u00e7\u00f5es dodesenvolvimento, promovendo a interven\u00e7\u00e3o terap\u00eautica baseada na <i>Applied Behavior Analysis<\/i> (An\u00e1lise Comportamental Aplicada \u2013 ABA).<\/p>\t\t\t\t\t\t<\/div>\n\t\t\t\t<\/div>\n\t\t\t\t<div class=\"elementor-element elementor-element-9257148 elementor-widget elementor-widget-heading\" data-id=\"9257148\" data-element_type=\"widget\" data-widget_type=\"heading.default\">\n\t\t\t\t<div class=\"elementor-widget-container\">\n\t\t\t<h2 class=\"elementor-heading-title elementor-size-default\">FINANCIAMENTO<\/h2>\t\t<\/div>\n\t\t\t\t<\/div>\n\t\t\t\t<div class=\"elementor-element elementor-element-ad2ec94 elementor-widget elementor-widget-text-editor\" data-id=\"ad2ec94\" data-element_type=\"widget\" data-widget_type=\"text-editor.default\">\n\t\t\t\t<div class=\"elementor-widget-container\">\n\t\t\t\t\t\t\t<p style=\"font-weight: 400;\">O My Kid Up \u2013 Centro de Interven\u00e7\u00e3o Comportamental, CRL. n\u00e3o recebe qualquer tipo de apoio financeiro regular de institui\u00e7\u00f5es p\u00fablicas ou privadas para al\u00e9m da ced\u00eancia de instala\u00e7\u00f5es pela C\u00e2mara Municipal de Condeixa-a-Nova. Os honor\u00e1rios cobrados aos utilizadores da institui\u00e7\u00e3o s\u00e3o, por isso, a \u00fanica fonte de receitas para assegurar o seu normal funcionamento.<\/p>\t\t\t\t\t\t<\/div>\n\t\t\t\t<\/div>\n\t\t\t\t<div class=\"elementor-element elementor-element-0af0f7e elementor-widget elementor-widget-heading\" data-id=\"0af0f7e\" data-element_type=\"widget\" data-widget_type=\"heading.default\">\n\t\t\t\t<div class=\"elementor-widget-container\">\n\t\t\t<h2 class=\"elementor-heading-title elementor-size-default\">POL\u00cdTICA DE RECURSOS HUMANOS<\/h2>\t\t<\/div>\n\t\t\t\t<\/div>\n\t\t\t\t<div class=\"elementor-element elementor-element-049150c elementor-widget elementor-widget-text-editor\" data-id=\"049150c\" data-element_type=\"widget\" data-widget_type=\"text-editor.default\">\n\t\t\t\t<div class=\"elementor-widget-container\">\n\t\t\t\t\t\t\t<p style=\"font-weight: 400;\">O My Kid Up reconhece que os seus t\u00e9cnicos s\u00e3o a chave do sucesso do trabalho desenvolvido e assume por completo a responsabilidade social inerente \u00e0 sua condi\u00e7\u00e3o de IPSS em todos os seus dom\u00ednios de atua\u00e7\u00e3o, nomeadamente como entidade empregadora. Deste facto decorre que estabelece com os seus colaboradores contratos de trabalho dignos que cumprem estritamente todos os seus direitos laborais.<\/p><p style=\"font-weight: 400;\">Embora haja um grupo maior de pessoas envolvido no projecto My Kid Up, importa informar que apenas a equipa t\u00e9cnica (que trabalha diretamente com as crian\u00e7as e jovens) aufere vencimento sendo que os restantes colaboradores (Dire\u00e7\u00e3o, Conselho Fiscal e Assembleia Geral) exercem as suas fun\u00e7\u00f5es em regime <em>pro bono<\/em>.<\/p>\t\t\t\t\t\t<\/div>\n\t\t\t\t<\/div>\n\t\t\t\t<div class=\"elementor-element elementor-element-e8237b2 elementor-widget elementor-widget-heading\" data-id=\"e8237b2\" data-element_type=\"widget\" data-widget_type=\"heading.default\">\n\t\t\t\t<div class=\"elementor-widget-container\">\n\t\t\t<h2 class=\"elementor-heading-title elementor-size-default\">VIS\u00c3O<\/h2>\t\t<\/div>\n\t\t\t\t<\/div>\n\t\t\t\t<div class=\"elementor-element elementor-element-f45ac7b elementor-widget elementor-widget-text-editor\" data-id=\"f45ac7b\" data-element_type=\"widget\" data-widget_type=\"text-editor.default\">\n\t\t\t\t<div class=\"elementor-widget-container\">\n\t\t\t\t\t\t\t<p style=\"font-weight: 400;\">A Equipa do My Kid Up acredita que o futuro das crian\u00e7as, jovens e adultos portadores de autismo e outras perturba\u00e7\u00f5es do desenvolvimento pode e deve ser melhor. A aposta de toda a equipa para a constru\u00e7\u00e3o de um futuro melhor para estas pessoas assenta na sele\u00e7\u00e3o e implementa\u00e7\u00e3o de metodologias cientificamente validadas.<\/p>\t\t\t\t\t\t<\/div>\n\t\t\t\t<\/div>\n\t\t\t\t<div class=\"elementor-element elementor-element-598104b elementor-widget elementor-widget-heading\" data-id=\"598104b\" data-element_type=\"widget\" data-widget_type=\"heading.default\">\n\t\t\t\t<div class=\"elementor-widget-container\">\n\t\t\t<h2 class=\"elementor-heading-title elementor-size-default\">DEMONSTRA\u00c7\u00c3O FINANCEIRA<\/h2>\t\t<\/div>\n\t\t\t\t<\/div>\n\t\t\t\t<div data-lakit-element-link=\"{&quot;url&quot;:&quot;https:\\\/\\\/u.pcloud.link\\\/publink\\\/show?code=kZ3smP0ZWCAymkGUoy85vuGNnb4mpVJGTMXy&quot;,&quot;is_external&quot;:&quot;&quot;,&quot;nofollow&quot;:&quot;&quot;,&quot;custom_attributes&quot;:&quot;&quot;}\" style=\"cursor: pointer\" class=\"elementor-element elementor-element-a71721c elementor-widget elementor-widget-text-editor\" data-id=\"a71721c\" data-element_type=\"widget\" data-widget_type=\"text-editor.default\">\n\t\t\t\t<div class=\"elementor-widget-container\">\n\t\t\t\t\t\t\t<p style=\"font-weight: 400;\"><span lang=\"PT-BR\">De acordo com o estabelecido pelo n.\u00ba 2, do Artigo 14\u00ba-A, do Decreto-Lei n.\u00ba 172-A\/2014, 14 novembro, publica-se a demonstra\u00e7\u00e3o de resultados relativas ao exerc\u00edcio da atividade do My Kid Up &#8211; Centro de Interven\u00e7\u00e3o Comportamental, CRL. <a href=\"https:\/\/u.pcloud.link\/publink\/show?code=kZ3smP0ZWCAymkGUoy85vuGNnb4mpVJGTMXy\"><b>Visualizar<\/b><\/a><\/span><\/p>\t\t\t\t\t\t<\/div>\n\t\t\t\t<\/div>\n\t\t\t\t\t<\/div>\n\t\t<\/div>\n\t\t\t\t\t\t\t<\/div>\n\t\t<\/section>\n\t\t\t\t\t\t\t<\/div>\n\t\t","protected":false},"excerpt":{"rendered":"<p>INSTITUCIONAL MY KID UP &#8211; CENTRO DE INTERVEN\u00c7\u00c3O COMPORTAMENTAL, CRL O My Kid Up &#8211; Centro de Interven\u00e7\u00e3o Comportamental, CRL, [&hellip;]<\/p>\n","protected":false},"author":1,"featured_media":0,"parent":0,"menu_order":0,"comment_status":"closed","ping_status":"closed","template":"elementor_header_footer","meta":{"footnotes":""},"class_list":["post-7539","page","type-page","status-publish","hentry"],"_links":{"self":[{"href":"http:\/\/www.mykidup.com\/index.php\/wp-json\/wp\/v2\/pages\/7539","targetHints":{"allow":["GET"]}}],"collection":[{"href":"http:\/\/www.mykidup.com\/index.php\/wp-json\/wp\/v2\/pages"}],"about":[{"href":"http:\/\/www.mykidup.com\/index.php\/wp-json\/wp\/v2\/types\/page"}],"author":[{"embeddable":true,"href":"http:\/\/www.mykidup.com\/index.php\/wp-json\/wp\/v2\/users\/1"}],"replies":[{"embeddable":true,"href":"http:\/\/www.mykidup.com\/index.php\/wp-json\/wp\/v2\/comments?post=7539"}],"version-history":[{"count":10,"href":"http:\/\/www.mykidup.com\/index.php\/wp-json\/wp\/v2\/pages\/7539\/revisions"}],"predecessor-version":[{"id":7602,"href":"http:\/\/www.mykidup.com\/index.php\/wp-json\/wp\/v2\/pages\/7539\/revisions\/7602"}],"wp:attachment":[{"href":"http:\/\/www.mykidup.com\/index.php\/wp-json\/wp\/v2\/media?parent=7539"}],"curies":[{"name":"wp","href":"https:\/\/api.w.org\/{rel}","templated":true}]}}